{"id":475,"date":"2024-05-21T19:18:31","date_gmt":"2024-05-21T19:18:31","guid":{"rendered":"https:\/\/fccabinda.com\/?page_id=475"},"modified":"2024-05-23T11:52:24","modified_gmt":"2024-05-23T11:52:24","slug":"socios","status":"publish","type":"page","link":"https:\/\/fccabinda.com\/?page_id=475","title":{"rendered":"S\u00f3cios"},"content":{"rendered":"\n<h2 class=\"wp-block-heading has-text-align-center\">SER S\u00d3CIO \u00c9 UMA PAIX\u00c3O! SER S\u00d3CIO \u00c9 AJUDAR O CLUBE A VENCER!<\/h2>\n\n\n<div class=\"wp-block-image\">\n<figure class=\"aligncenter size-large is-resized\"><img loading=\"lazy\" decoding=\"async\" width=\"1024\" height=\"1024\" src=\"https:\/\/fccabinda.com\/wp-content\/uploads\/2024\/05\/IMG-20240502-WA0001-1024x1024.jpg\" alt=\"\" class=\"wp-image-516\" style=\"width:648px;height:auto\" srcset=\"https:\/\/fccabinda.com\/wp-content\/uploads\/2024\/05\/IMG-20240502-WA0001-1024x1024.jpg 1024w, https:\/\/fccabinda.com\/wp-content\/uploads\/2024\/05\/IMG-20240502-WA0001-300x300.jpg 300w, https:\/\/fccabinda.com\/wp-content\/uploads\/2024\/05\/IMG-20240502-WA0001-150x150.jpg 150w, https:\/\/fccabinda.com\/wp-content\/uploads\/2024\/05\/IMG-20240502-WA0001-768x768.jpg 768w, https:\/\/fccabinda.com\/wp-content\/uploads\/2024\/05\/IMG-20240502-WA0001-1536x1536.jpg 1536w, https:\/\/fccabinda.com\/wp-content\/uploads\/2024\/05\/IMG-20240502-WA0001-128x128.jpg 128w, https:\/\/fccabinda.com\/wp-content\/uploads\/2024\/05\/IMG-20240502-WA0001-32x32.jpg 32w, https:\/\/fccabinda.com\/wp-content\/uploads\/2024\/05\/IMG-20240502-WA0001-24x24.jpg 24w, https:\/\/fccabinda.com\/wp-content\/uploads\/2024\/05\/IMG-20240502-WA0001-36x36.jpg 36w, https:\/\/fccabinda.com\/wp-content\/uploads\/2024\/05\/IMG-20240502-WA0001-48x48.jpg 48w, https:\/\/fccabinda.com\/wp-content\/uploads\/2024\/05\/IMG-20240502-WA0001.jpg 1600w\" sizes=\"auto, (max-width: 1024px) 100vw, 1024px\" \/><\/figure>\n<\/div>\n\n\n<p>Preenche a ficha de s\u00f3cio que se encontra nesta p\u00e1gina e envia para o nosso <a href=\"geral@fccabinda.com\">e-mail<\/a> com o comprovativo de pagamento e os restantes dados solicitados na ficha.<br>Tamb\u00e9m \u00e9 poss\u00edvel fazer o todo o processo na nossa sede.<\/p>\n\n\n\n<p><strong>Morada da sede:<\/strong><br>Rua da Pol\u00edcia<br>Caixa Postal n\u00ba 80<br>Cabinda &#8211; Angola<\/p>\n\n\n<p>[wpdatatable id=1]<\/p>\n\n\n\n<div class=\"wp-block-file aligncenter\"><object class=\"wp-block-file__embed\" data=\"https:\/\/fccabinda.com\/wp-content\/uploads\/2024\/05\/Nova_Ficha_Socio.pdf\" type=\"application\/pdf\" style=\"width:100%;height:500px\" aria-label=\"Ficha de S\u00f3cio\"><\/object><a href=\"https:\/\/fccabinda.com\/wp-content\/uploads\/2024\/05\/Nova_Ficha_Socio.pdf\" class=\"wp-block-file__button wp-element-button\" download aria-describedby=\"wp-block-file--media-2fda5211-d955-4e0b-a19e-4e6d40271d88\">Descarregar<\/a><\/div>\n","protected":false},"excerpt":{"rendered":"<p>SER S\u00d3CIO \u00c9 UMA PAIX\u00c3O! SER S\u00d3CIO \u00c9 AJUDAR O CLUBE A VENCER! Preenche a ficha de s\u00f3cio que se encontra nesta p\u00e1gina e envia para o nosso e-mail com o comprovativo de pagamento e os restantes dados solicitados na ficha.Tamb\u00e9m \u00e9 poss\u00edvel fazer o todo o processo na nossa sede. Morada da sede:Rua da [&hellip;]<\/p>\n","protected":false},"author":1,"featured_media":0,"parent":0,"menu_order":0,"comment_status":"closed","ping_status":"closed","template":"","meta":{"footnotes":""},"class_list":["post-475","page","type-page","status-publish","hentry"],"featured_image_src":null,"yoast_head":"<!-- This site is optimized with the Yoast SEO plugin v27.3 - https:\/\/yoast.com\/product\/yoast-seo-wordpress\/ -->\n<title>S\u00f3cios - Futebol Clube de Cabinda<\/title>\n<meta name=\"robots\" content=\"index, follow, max-snippet:-1, max-image-preview:large, max-video-preview:-1\" \/>\n<link rel=\"canonical\" href=\"https:\/\/fccabinda.com\/?page_id=475\" \/>\n<meta property=\"og:locale\" content=\"pt_PT\" \/>\n<meta property=\"og:type\" content=\"article\" \/>\n<meta property=\"og:title\" content=\"S\u00f3cios - Futebol Clube de Cabinda\" \/>\n<meta property=\"og:description\" content=\"SER S\u00d3CIO \u00c9 UMA PAIX\u00c3O! SER S\u00d3CIO \u00c9 AJUDAR O CLUBE A VENCER! Preenche a ficha de s\u00f3cio que se encontra nesta p\u00e1gina e envia para o nosso e-mail com o comprovativo de pagamento e os restantes dados solicitados na ficha.Tamb\u00e9m \u00e9 poss\u00edvel fazer o todo o processo na nossa sede. Morada da sede:Rua da [&hellip;]\" \/>\n<meta property=\"og:url\" content=\"https:\/\/fccabinda.com\/?page_id=475\" \/>\n<meta property=\"og:site_name\" content=\"Futebol Clube de Cabinda\" \/>\n<meta property=\"article:publisher\" content=\"https:\/\/www.facebook.com\/fccabinda\" \/>\n<meta property=\"article:modified_time\" content=\"2024-05-23T11:52:24+00:00\" \/>\n<meta property=\"og:image\" content=\"https:\/\/fccabinda.com\/wp-content\/uploads\/2024\/05\/IMG-20240502-WA0001-1024x1024.jpg\" \/>\n<meta name=\"twitter:card\" content=\"summary_large_image\" \/>\n<meta name=\"twitter:label1\" content=\"Tempo estimado de leitura\" \/>\n\t<meta name=\"twitter:data1\" content=\"1 minuto\" \/>\n<script type=\"application\/ld+json\" class=\"yoast-schema-graph\">{\"@context\":\"https:\\\/\\\/schema.org\",\"@graph\":[{\"@type\":\"WebPage\",\"@id\":\"https:\\\/\\\/fccabinda.com\\\/?page_id=475\",\"url\":\"https:\\\/\\\/fccabinda.com\\\/?page_id=475\",\"name\":\"S\u00f3cios - Futebol Clube de Cabinda\",\"isPartOf\":{\"@id\":\"https:\\\/\\\/fccabinda.com\\\/#website\"},\"primaryImageOfPage\":{\"@id\":\"https:\\\/\\\/fccabinda.com\\\/?page_id=475#primaryimage\"},\"image\":{\"@id\":\"https:\\\/\\\/fccabinda.com\\\/?page_id=475#primaryimage\"},\"thumbnailUrl\":\"https:\\\/\\\/fccabinda.com\\\/wp-content\\\/uploads\\\/2024\\\/05\\\/IMG-20240502-WA0001-1024x1024.jpg\",\"datePublished\":\"2024-05-21T19:18:31+00:00\",\"dateModified\":\"2024-05-23T11:52:24+00:00\",\"breadcrumb\":{\"@id\":\"https:\\\/\\\/fccabinda.com\\\/?page_id=475#breadcrumb\"},\"inLanguage\":\"pt-PT\",\"potentialAction\":[{\"@type\":\"ReadAction\",\"target\":[\"https:\\\/\\\/fccabinda.com\\\/?page_id=475\"]}]},{\"@type\":\"ImageObject\",\"inLanguage\":\"pt-PT\",\"@id\":\"https:\\\/\\\/fccabinda.com\\\/?page_id=475#primaryimage\",\"url\":\"https:\\\/\\\/fccabinda.com\\\/wp-content\\\/uploads\\\/2024\\\/05\\\/IMG-20240502-WA0001.jpg\",\"contentUrl\":\"https:\\\/\\\/fccabinda.com\\\/wp-content\\\/uploads\\\/2024\\\/05\\\/IMG-20240502-WA0001.jpg\",\"width\":1600,\"height\":1600},{\"@type\":\"BreadcrumbList\",\"@id\":\"https:\\\/\\\/fccabinda.com\\\/?page_id=475#breadcrumb\",\"itemListElement\":[{\"@type\":\"ListItem\",\"position\":1,\"name\":\"In\u00edcio\",\"item\":\"https:\\\/\\\/fccabinda.com\\\/\"},{\"@type\":\"ListItem\",\"position\":2,\"name\":\"S\u00f3cios\"}]},{\"@type\":\"WebSite\",\"@id\":\"https:\\\/\\\/fccabinda.com\\\/#website\",\"url\":\"https:\\\/\\\/fccabinda.com\\\/\",\"name\":\"Futebol Clube de Cabinda\",\"description\":\"Futebol Clube de Cabinda\",\"publisher\":{\"@id\":\"https:\\\/\\\/fccabinda.com\\\/#organization\"},\"alternateName\":\"FC Cabinda\",\"potentialAction\":[{\"@type\":\"SearchAction\",\"target\":{\"@type\":\"EntryPoint\",\"urlTemplate\":\"https:\\\/\\\/fccabinda.com\\\/?s={search_term_string}\"},\"query-input\":{\"@type\":\"PropertyValueSpecification\",\"valueRequired\":true,\"valueName\":\"search_term_string\"}}],\"inLanguage\":\"pt-PT\"},{\"@type\":\"Organization\",\"@id\":\"https:\\\/\\\/fccabinda.com\\\/#organization\",\"name\":\"Futebol Clube de Cabinda\",\"alternateName\":\"FC Cabinda\",\"url\":\"https:\\\/\\\/fccabinda.com\\\/\",\"logo\":{\"@type\":\"ImageObject\",\"inLanguage\":\"pt-PT\",\"@id\":\"https:\\\/\\\/fccabinda.com\\\/#\\\/schema\\\/logo\\\/image\\\/\",\"url\":\"https:\\\/\\\/fccabinda.com\\\/wp-content\\\/uploads\\\/2024\\\/05\\\/iconsitefcc2-1.png\",\"contentUrl\":\"https:\\\/\\\/fccabinda.com\\\/wp-content\\\/uploads\\\/2024\\\/05\\\/iconsitefcc2-1.png\",\"width\":512,\"height\":512,\"caption\":\"Futebol Clube de Cabinda\"},\"image\":{\"@id\":\"https:\\\/\\\/fccabinda.com\\\/#\\\/schema\\\/logo\\\/image\\\/\"},\"sameAs\":[\"https:\\\/\\\/www.facebook.com\\\/fccabinda\"]}]}<\/script>\n<!-- \/ Yoast SEO plugin. -->","yoast_head_json":{"title":"S\u00f3cios - Futebol Clube de Cabinda","robots":{"index":"index","follow":"follow","max-snippet":"max-snippet:-1","max-image-preview":"max-image-preview:large","max-video-preview":"max-video-preview:-1"},"canonical":"https:\/\/fccabinda.com\/?page_id=475","og_locale":"pt_PT","og_type":"article","og_title":"S\u00f3cios - Futebol Clube de Cabinda","og_description":"SER S\u00d3CIO \u00c9 UMA PAIX\u00c3O! SER S\u00d3CIO \u00c9 AJUDAR O CLUBE A VENCER! Preenche a ficha de s\u00f3cio que se encontra nesta p\u00e1gina e envia para o nosso e-mail com o comprovativo de pagamento e os restantes dados solicitados na ficha.Tamb\u00e9m \u00e9 poss\u00edvel fazer o todo o processo na nossa sede. Morada da sede:Rua da [&hellip;]","og_url":"https:\/\/fccabinda.com\/?page_id=475","og_site_name":"Futebol Clube de Cabinda","article_publisher":"https:\/\/www.facebook.com\/fccabinda","article_modified_time":"2024-05-23T11:52:24+00:00","og_image":[{"url":"https:\/\/fccabinda.com\/wp-content\/uploads\/2024\/05\/IMG-20240502-WA0001-1024x1024.jpg","type":"","width":"","height":""}],"twitter_card":"summary_large_image","twitter_misc":{"Tempo estimado de leitura":"1 minuto"},"schema":{"@context":"https:\/\/schema.org","@graph":[{"@type":"WebPage","@id":"https:\/\/fccabinda.com\/?page_id=475","url":"https:\/\/fccabinda.com\/?page_id=475","name":"S\u00f3cios - Futebol Clube de Cabinda","isPartOf":{"@id":"https:\/\/fccabinda.com\/#website"},"primaryImageOfPage":{"@id":"https:\/\/fccabinda.com\/?page_id=475#primaryimage"},"image":{"@id":"https:\/\/fccabinda.com\/?page_id=475#primaryimage"},"thumbnailUrl":"https:\/\/fccabinda.com\/wp-content\/uploads\/2024\/05\/IMG-20240502-WA0001-1024x1024.jpg","datePublished":"2024-05-21T19:18:31+00:00","dateModified":"2024-05-23T11:52:24+00:00","breadcrumb":{"@id":"https:\/\/fccabinda.com\/?page_id=475#breadcrumb"},"inLanguage":"pt-PT","potentialAction":[{"@type":"ReadAction","target":["https:\/\/fccabinda.com\/?page_id=475"]}]},{"@type":"ImageObject","inLanguage":"pt-PT","@id":"https:\/\/fccabinda.com\/?page_id=475#primaryimage","url":"https:\/\/fccabinda.com\/wp-content\/uploads\/2024\/05\/IMG-20240502-WA0001.jpg","contentUrl":"https:\/\/fccabinda.com\/wp-content\/uploads\/2024\/05\/IMG-20240502-WA0001.jpg","width":1600,"height":1600},{"@type":"BreadcrumbList","@id":"https:\/\/fccabinda.com\/?page_id=475#breadcrumb","itemListElement":[{"@type":"ListItem","position":1,"name":"In\u00edcio","item":"https:\/\/fccabinda.com\/"},{"@type":"ListItem","position":2,"name":"S\u00f3cios"}]},{"@type":"WebSite","@id":"https:\/\/fccabinda.com\/#website","url":"https:\/\/fccabinda.com\/","name":"Futebol Clube de Cabinda","description":"Futebol Clube de Cabinda","publisher":{"@id":"https:\/\/fccabinda.com\/#organization"},"alternateName":"FC Cabinda","potentialAction":[{"@type":"SearchAction","target":{"@type":"EntryPoint","urlTemplate":"https:\/\/fccabinda.com\/?s={search_term_string}"},"query-input":{"@type":"PropertyValueSpecification","valueRequired":true,"valueName":"search_term_string"}}],"inLanguage":"pt-PT"},{"@type":"Organization","@id":"https:\/\/fccabinda.com\/#organization","name":"Futebol Clube de Cabinda","alternateName":"FC Cabinda","url":"https:\/\/fccabinda.com\/","logo":{"@type":"ImageObject","inLanguage":"pt-PT","@id":"https:\/\/fccabinda.com\/#\/schema\/logo\/image\/","url":"https:\/\/fccabinda.com\/wp-content\/uploads\/2024\/05\/iconsitefcc2-1.png","contentUrl":"https:\/\/fccabinda.com\/wp-content\/uploads\/2024\/05\/iconsitefcc2-1.png","width":512,"height":512,"caption":"Futebol Clube de Cabinda"},"image":{"@id":"https:\/\/fccabinda.com\/#\/schema\/logo\/image\/"},"sameAs":["https:\/\/www.facebook.com\/fccabinda"]}]}},"_links":{"self":[{"href":"https:\/\/fccabinda.com\/index.php?rest_route=\/wp\/v2\/pages\/475","targetHints":{"allow":["GET"]}}],"collection":[{"href":"https:\/\/fccabinda.com\/index.php?rest_route=\/wp\/v2\/pages"}],"about":[{"href":"https:\/\/fccabinda.com\/index.php?rest_route=\/wp\/v2\/types\/page"}],"author":[{"embeddable":true,"href":"https:\/\/fccabinda.com\/index.php?rest_route=\/wp\/v2\/users\/1"}],"replies":[{"embeddable":true,"href":"https:\/\/fccabinda.com\/index.php?rest_route=%2Fwp%2Fv2%2Fcomments&post=475"}],"version-history":[{"count":20,"href":"https:\/\/fccabinda.com\/index.php?rest_route=\/wp\/v2\/pages\/475\/revisions"}],"predecessor-version":[{"id":520,"href":"https:\/\/fccabinda.com\/index.php?rest_route=\/wp\/v2\/pages\/475\/revisions\/520"}],"wp:attachment":[{"href":"https:\/\/fccabinda.com\/index.php?rest_route=%2Fwp%2Fv2%2Fmedia&parent=475"}],"curies":[{"name":"wp","href":"https:\/\/api.w.org\/{rel}","templated":true}]}}